{"id":11763,"date":"2016-04-15T17:15:58","date_gmt":"2016-04-15T15:15:58","guid":{"rendered":"https:\/\/www.promopix.fr\/?page_id=11763"},"modified":"2019-10-04T10:29:10","modified_gmt":"2019-10-04T08:29:10","slug":"boissons-vins-spiritueux","status":"publish","type":"page","link":"https:\/\/www.promopix.fr\/en\/pour-qui\/boissons-vins-spiritueux\/","title":{"rendered":"Boissons, vins, spiritueux"},"content":{"rendered":"<div class=\"fusion-fullwidth fullwidth-box fusion-builder-row-1 hundred-percent-fullwidth non-hundred-percent-height-scrolling\" style=\"background-color: #ffffff;background-position: center center;background-repeat: no-repeat;padding-top:0px;padding-right:0px;padding-bottom:0px;padding-left:0px;margin-bottom: 0px;margin-top: 0px;border-width: 0px 0px 0px 0px;border-color:#eae9e9;border-style:solid;\" ><div class=\"fusion-builder-row fusion-row\"><div class=\"fusion-layout-column fusion_builder_column fusion-builder-column-0 fusion_builder_column_1_1 1_1 fusion-one-full fusion-column-first fusion-column-last fusion-column-no-min-height\" style=\"margin-top:0px;margin-bottom:0px;\"><div class=\"fusion-column-wrapper fusion-flex-column-wrapper-legacy\" style=\"background-position:left top;background-repeat:no-repeat;-webkit-background-size:cover;-moz-background-size:cover;-o-background-size:cover;background-size:cover;padding: 0px 0px 0px 0px;\"><div class=\"fusion-text fusion-text-1\"><p style=\"text-align: left;\"><span style=\"color: #333333; font-size: 35px; font-family: helvetica,arial,sans-serif;\">Communication pour <strong>Boissons, Vins <\/strong><span style=\"color: #333333; font-size: 35px; font-family: helvetica,arial,sans-serif;\">et<\/span><strong> Spiritueux<\/strong><\/span><\/p>\n<\/div><div class=\"fusion-sep-clear\"><\/div><div class=\"fusion-separator fusion-full-width-sep\" style=\"margin-left: auto;margin-right: auto;margin-top:10px;margin-bottom:10px;width:100%;\"><\/div><div class=\"fusion-sep-clear\"><\/div><div class=\"fusion-text fusion-text-2\"><p style=\"text-align: left;\"><span style=\"font-family: helvetica,arial,sans-serif;\"><span style=\"color: #333333; font-size: 30px;\">La pochette <strong>PROMOPIX\u2122 <\/strong>est la<strong> <span style=\"color: #ff0000;\">solution<\/span><\/strong><\/span><span style=\"color: #ff0000;\"><span style=\"font-size: 45px;\"><span style=\"font-size: 30px; color: #000000;\"> :<\/span> <\/span><\/span><\/span><\/p>\n<\/div><div class=\"fusion-clearfix\"><\/div><\/div><\/div><div class=\"fusion-layout-column fusion_builder_column fusion-builder-column-1 fusion_builder_column_3_4 3_4 fusion-three-fourth fusion-column-first\" style=\"width:74%; margin-right: 4%;margin-top:0px;margin-bottom:1px;\"><div class=\"fusion-column-wrapper fusion-flex-column-wrapper-legacy\" style=\"background-position:left top;background-repeat:no-repeat;-webkit-background-size:cover;-moz-background-size:cover;-o-background-size:cover;background-size:cover;padding: 0px 0px 0px 0px;\"><div class=\"fusion-text fusion-text-3\"><p><span style=\"font-size: 16px; font-family: helvetica,arial,sans-serif;\"><span style=\"color: #ff0000;\"><i class=\"fa fa-check-circle\"><\/i><\/span> D\u2019abord elle est per\u00e7ue comme une vraie attention, le petit cadeau tr\u00e8s utile.<\/span><\/p>\n<p><span style=\"font-size: 16px; font-family: helvetica,arial,sans-serif;\"><span style=\"color: #ff0000;\"> <i class=\"fa fa-check-circle\"><\/i><\/span> Gr\u00e2ce \u00e0 sa v\u00e9ritable utilit\u00e9 elle n\u2019est jamais jet\u00e9e, bien au contraire, elle va se retrouver sur la tablette de la salle de bain, dans le sac de Madame ou la poche de Monsieur, dans la voiture, sur la table, etc.<\/span><\/p>\n<p><span style=\"font-size: 16px; font-family: helvetica,arial,sans-serif;\"><span style=\"color: #ff0000;\"> <i class=\"fa fa-check-circle\"><\/i><\/span> Au final, votre nom, votre logo, votre message sont vus de multiples fois et cette multiplicit\u00e9 participe \u00e0 la d\u00e9cision de revenir chez vous.<\/span><\/p>\n<p><span style=\"font-size: 16px; font-family: helvetica,arial,sans-serif;\"><span style=\"color: #ff0000;\"> <i class=\"fa fa-check-circle\"><\/i><\/span> Mais ce n\u2019est pas tout, car la pochette Promopix a cette facult\u00e9 de passer de main en main, favorisant la divulgation de votre message \u00e0 de nouveaux prospects.<\/span><\/p>\n<p>Want the Discount?<br \/>\nWe regularly offer discount codes\u2026\u00a0 <div class=\"fusion-button-wrapper\"><style type=\"text\/css\">.fusion-button.button-1 {border-radius:2px;}<\/style><a class=\"fusion-button button-flat fusion-button-default-size button-default button-1 fusion-button-default-span fusion-button-default-type fusion-animated\" data-animationtype=\"shake\" data-animationduration=\"0.3\" data-animationoffset=\"top-into-view\" target=\"_self\" href=\"https:\/\/www.promopix.fr\/en\/contact-page\/\"><span class=\"fusion-button-icon-divider button-icon-divider-left\"><i class=\"fa fa-thumbs-o-up\" aria-hidden=\"true\"><\/i><\/span><span class=\"fusion-button-text fusion-button-text-left\">Come on !<\/span><\/a><\/div><\/p>\n<\/div><div class=\"fusion-clearfix\"><\/div><\/div><\/div><div class=\"fusion-layout-column fusion_builder_column fusion-builder-column-2 fusion_builder_column_1_4 1_4 fusion-one-fourth fusion-column-last\" style=\"width:22%;margin-top:0px;margin-bottom:20px;\"><div class=\"fusion-column-wrapper fusion-flex-column-wrapper-legacy\" style=\"background-position:left top;background-repeat:no-repeat;-webkit-background-size:cover;-moz-background-size:cover;-o-background-size:cover;background-size:cover;padding: 0px 0px 0px 0px;\"><div class=\"fusion-sep-clear\"><\/div><div class=\"fusion-separator fusion-full-width-sep\" style=\"margin-left: auto;margin-right: auto;margin-top:15px;margin-bottom:60px;width:100%;\"><\/div><div class=\"fusion-sep-clear\"><\/div><div class=\"fusion-button-wrapper\"><style type=\"text\/css\">.fusion-button.button-2 .fusion-button-text, .fusion-button.button-2 i {color:#ffffff;}.fusion-button.button-2 .fusion-button-icon-divider{border-color:#ffffff;}.fusion-button.button-2:hover .fusion-button-text, .fusion-button.button-2:hover i,.fusion-button.button-2:focus .fusion-button-text, .fusion-button.button-2:focus i,.fusion-button.button-2:active .fusion-button-text, .fusion-button.button-2:active{color:#000000;}.fusion-button.button-2:hover .fusion-button-icon-divider, .fusion-button.button-2:hover .fusion-button-icon-divider, .fusion-button.button-2:active .fusion-button-icon-divider{border-color:#000000;}.fusion-button.button-2:hover, .fusion-button.button-2:focus, .fusion-button.button-2:active{border-color:#000000;border-width:2px;}.fusion-button.button-2 {border-color:#ffffff;border-width:2px;border-radius:0px;}.fusion-button.button-2{background: #dd3333;}.fusion-button.button-2:hover,.button-2:focus,.fusion-button.button-2:active{background: #ffffff;}<\/style><a class=\"fusion-button button-flat button-medium button-custom button-2 fusion-button-default-span\" target=\"_self\" href=\"https:\/\/www.promopix.fr\/en\/produits\/\"><span class=\"fusion-button-text\">Commander<\/span><\/a><\/div><div class=\"fusion-clearfix\"><\/div><\/div><\/div><div class=\"fusion-layout-column fusion_builder_column fusion-builder-column-3 fusion_builder_column_1_1 1_1 fusion-one-full fusion-column-first fusion-column-last fusion-column-no-min-height\" style=\"margin-top:0px;margin-bottom:0px;\"><div class=\"fusion-column-wrapper fusion-flex-column-wrapper-legacy\" style=\"background-position:left top;background-repeat:no-repeat;-webkit-background-size:cover;-moz-background-size:cover;-o-background-size:cover;background-size:cover;padding: 0px 0px 0px 0px;\"><div class=\"fusion-section-separator section-separator triangle fusion-section-separator-1\"><div class=\"fusion-section-separator-svg\" style=\"border-bottom:2px solid #f6f6f6;margin-left: 0px;margin-right: 0px;\"><div class=\"divider-candy-arrow bottom\" style=\"top:2px;border-top-color: #dd3333;\"><\/div><div class=\"divider-candy bottom\" style=\"bottom:-22px;border-bottom:1px solid #f6f6f6;border-left:1px solid #f6f6f6;\"><\/div><\/div><div class=\"fusion-section-separator-spacer\"><div class=\"fusion-section-separator-spacer-height\" style=\"height:2px;\"><\/div><\/div><\/div><div class=\"fusion-sep-clear\"><\/div><div class=\"fusion-separator fusion-full-width-sep\" style=\"margin-left: auto;margin-right: auto;margin-top:10px;margin-bottom:10px;width:100%;\"><\/div><div class=\"fusion-sep-clear\"><\/div><div class=\"fusion-sep-clear\"><\/div><div class=\"fusion-separator fusion-full-width-sep\" style=\"margin-left: auto;margin-right: auto;margin-top:10px;margin-bottom:10px;width:100%;\"><\/div><div class=\"fusion-sep-clear\"><\/div><div class=\"fusion-text fusion-text-4\"><h4><span style=\"font-family: helvetica,arial,sans-serif;\">CONSEILS DE DISTRIBUTION<\/span><\/h4>\n<h4>Plusieurs solutions existent pour distribuer les pochettes Promopix :<\/h4>\n<p>Elle peut \u00eatre jointe directement au produit. Apr\u00e8s l\u2019avoir d\u00e9tach\u00e9e, vos clients auront maintes occasions de continuer, gr\u00e2ce \u00e0 son taux de prise en main, de voir votre message, votre logo, votre marque, ou le nom de votre produit. Ceci contribue \u00e0 une m\u00e9morisation accrue pour un prochain rachat.<\/p>\n<p>La solution de partage consiste \u00e0 faire distribuer les pochettes Promopix par les revendeurs de vos produits en leur offrant une face pour situer leur \u00e9tablissement (Les restaurants sont particuli\u00e8rement habilit\u00e9s pour ce genre de distribution).<\/p>\n<p>Un exemple : un vin, une marque de bi\u00e8re, un alcool, propos\u00e9 par le restaurateur aura tout int\u00e9r\u00eat \u00e0 figurer sur la pochette Promopix au nom du restaurant,\u00a0 afin d\u2019inciter le client \u00e0 acheter ce produit dans son magasin. Par la m\u00eame occasion en offrant \u00e0 votre client restaurateur des pochettes Promopix personnalis\u00e9es \u00e0 son nom, vous le fid\u00e9liserez et lui m\u00eame sera d\u2019autant plus motiv\u00e9 pour distribuer ces pochettes Promopix.<\/p>\n<p>Dans tous les cas nous nous chargerons de la coordination pour l\u2019\u00e9laboration de la mise en page et la r\u00e9alisation.<\/p>\n<\/div><div class=\"fusion-sep-clear\"><\/div><div class=\"fusion-separator fusion-full-width-sep\" style=\"margin-left: auto;margin-right: auto;margin-top:10px;margin-bottom:10px;width:100%;\"><\/div><div class=\"fusion-sep-clear\"><\/div><div class=\"fusion-clearfix\"><\/div><\/div><\/div><div class=\"fusion-layout-column fusion_builder_column fusion-builder-column-4 fusion_builder_column_1_1 1_1 fusion-one-full fusion-column-first fusion-column-last fusion-column-no-min-height\" style=\"margin-top:0px;margin-bottom:0px;\"><div class=\"fusion-column-wrapper fusion-flex-column-wrapper-legacy\" style=\"background-position:left top;background-repeat:no-repeat;-webkit-background-size:cover;-moz-background-size:cover;-o-background-size:cover;background-size:cover;padding: 0px 0px 0px 0px;\"><style type='text\/css'>.reading-box-container-1 .element-bottomshadow:before,.reading-box-container-1 .element-bottomshadow:after{opacity:0.7;}<\/style><div class=\"fusion-reading-box-container reading-box-container-1 fusion-animated\" data-animationtype=\"bounceInDown\" data-animationduration=\"0.1\" data-animationoffset=\"top-into-view\" style=\"margin-top:5px;margin-bottom:5px;\"><div class=\"reading-box\" style=\"background-color:title=;border-width:1px;border-color:#f6f6f6;border-top-width:3px;border-top-color:var(--primary_color);border-style:solid;\"><a class=\"button fusion-button button-default fusion-button-large button-large button-flat fusion-desktop-button fusion-tagline-button continue fusion-desktop-button-margin continue-right\" style=\"-webkit-box-shadow:none;-moz-box-shadow:none;box-shadow:none;border-radius:2px;\" href=\"http:\/\/www.promopix.fr\/en\/contact\/\" target=\"_self\"><span>Contact US<\/span><\/a><h2>Besoin d'information ou d'un devis gratuit ?<\/h2><div class=\"reading-box-description fusion-reading-box-additional\">Tous nos experts sont \u00e0 votre disposition pour vous accompagner<\/div><div class=\"fusion-clearfix\"><\/div><a class=\"button fusion-button button-default fusion-button-large button-large button-flat fusion-mobile-button continue-right\" style=\"-webkit-box-shadow:none;-moz-box-shadow:none;box-shadow:none;border-radius:2px;\" href=\"http:\/\/www.promopix.fr\/en\/contact\/\" target=\"_self\"><span>Contact US<\/span><\/a><\/div><\/div><div class=\"fusion-sep-clear\"><\/div><div class=\"fusion-separator fusion-full-width-sep\" style=\"margin-left: auto;margin-right: auto;margin-top:15px;margin-bottom:10px;width:100%;\"><\/div><div class=\"fusion-sep-clear\"><\/div><div class=\"fusion-text fusion-text-5\"><p style=\"text-align: center;\"><span style=\"color: #333333; font-size: 35px;\"><strong><span style=\"font-size: 25px;\">T\u00e9l. :<\/span> 04 93 21 91\u00a011<\/strong><\/span><\/p>\n<p style=\"text-align: center; margin-top: -10px; font-size: 18px; line-height: 27px;\"><span style=\"color: #333333;\">(non-surtax\u00e9)<\/span><\/p>\n<\/div><div class=\"fusion-clearfix\"><\/div><\/div><\/div><\/div><style type=\"text\/css\">.fusion-fullwidth.fusion-builder-row-1 { overflow:visible; }<\/style><\/div>","protected":false},"excerpt":{"rendered":"","protected":false},"author":1,"featured_media":0,"parent":11659,"menu_order":0,"comment_status":"closed","ping_status":"closed","template":"side-navigation.php","meta":{"_monsterinsights_skip_tracking":false,"_monsterinsights_sitenote_active":false,"_monsterinsights_sitenote_note":"","_monsterinsights_sitenote_category":0,"footnotes":""},"class_list":["post-11763","page","type-page","status-publish","hentry"],"yoast_head":"<!-- This site is optimized with the Yoast SEO plugin v24.7 - https:\/\/yoast.com\/wordpress\/plugins\/seo\/ -->\n<title>Boissons, vins, spiritueux - Promopix<\/title>\n<meta name=\"robots\" content=\"index, follow, max-snippet:-1, max-image-preview:large, max-video-preview:-1\" \/>\n<link rel=\"canonical\" href=\"https:\/\/www.promopix.fr\/en\/pour-qui\/boissons-vins-spiritueux\/\" \/>\n<meta property=\"og:locale\" content=\"en_US\" \/>\n<meta property=\"og:type\" content=\"article\" \/>\n<meta property=\"og:title\" content=\"Boissons, vins, spiritueux - Promopix\" \/>\n<meta property=\"og:url\" content=\"https:\/\/www.promopix.fr\/en\/pour-qui\/boissons-vins-spiritueux\/\" \/>\n<meta property=\"og:site_name\" content=\"Promopix\" \/>\n<meta property=\"article:modified_time\" content=\"2019-10-04T08:29:10+00:00\" \/>\n<meta name=\"twitter:card\" content=\"summary_large_image\" \/>\n<meta name=\"twitter:label1\" content=\"Est. reading time\" \/>\n\t<meta name=\"twitter:data1\" content=\"6 minutes\" \/>\n<script type=\"application\/ld+json\" class=\"yoast-schema-graph\">{\"@context\":\"https:\/\/schema.org\",\"@graph\":[{\"@type\":\"WebPage\",\"@id\":\"https:\/\/www.promopix.fr\/en\/pour-qui\/boissons-vins-spiritueux\/\",\"url\":\"https:\/\/www.promopix.fr\/en\/pour-qui\/boissons-vins-spiritueux\/\",\"name\":\"Boissons, vins, spiritueux - Promopix\",\"isPartOf\":{\"@id\":\"https:\/\/www.promopix.fr\/#website\"},\"datePublished\":\"2016-04-15T15:15:58+00:00\",\"dateModified\":\"2019-10-04T08:29:10+00:00\",\"breadcrumb\":{\"@id\":\"https:\/\/www.promopix.fr\/en\/pour-qui\/boissons-vins-spiritueux\/#breadcrumb\"},\"inLanguage\":\"en-US\",\"potentialAction\":[{\"@type\":\"ReadAction\",\"target\":[\"https:\/\/www.promopix.fr\/en\/pour-qui\/boissons-vins-spiritueux\/\"]}]},{\"@type\":\"BreadcrumbList\",\"@id\":\"https:\/\/www.promopix.fr\/en\/pour-qui\/boissons-vins-spiritueux\/#breadcrumb\",\"itemListElement\":[{\"@type\":\"ListItem\",\"position\":1,\"name\":\"Accueil\",\"item\":\"https:\/\/www.promopix.fr\/\"},{\"@type\":\"ListItem\",\"position\":2,\"name\":\"Pour qui ?\",\"item\":\"https:\/\/www.promopix.fr\/pour-qui\/\"},{\"@type\":\"ListItem\",\"position\":3,\"name\":\"Boissons, vins, spiritueux\"}]},{\"@type\":\"WebSite\",\"@id\":\"https:\/\/www.promopix.fr\/#website\",\"url\":\"https:\/\/www.promopix.fr\/\",\"name\":\"Promopix\",\"description\":\"La Communication attentionn\u00e9e\",\"publisher\":{\"@id\":\"https:\/\/www.promopix.fr\/#organization\"},\"potentialAction\":[{\"@type\":\"SearchAction\",\"target\":{\"@type\":\"EntryPoint\",\"urlTemplate\":\"https:\/\/www.promopix.fr\/?s={search_term_string}\"},\"query-input\":{\"@type\":\"PropertyValueSpecification\",\"valueRequired\":true,\"valueName\":\"search_term_string\"}}],\"inLanguage\":\"en-US\"},{\"@type\":\"Organization\",\"@id\":\"https:\/\/www.promopix.fr\/#organization\",\"name\":\"PROMOPIX\",\"url\":\"https:\/\/www.promopix.fr\/\",\"logo\":{\"@type\":\"ImageObject\",\"inLanguage\":\"en-US\",\"@id\":\"https:\/\/www.promopix.fr\/#\/schema\/logo\/image\/\",\"url\":\"https:\/\/i1.wp.com\/www.promopix.fr\/wp-content\/uploads\/2016\/08\/imgo.jpeg?fit=800%2C561&ssl=1\",\"contentUrl\":\"https:\/\/i1.wp.com\/www.promopix.fr\/wp-content\/uploads\/2016\/08\/imgo.jpeg?fit=800%2C561&ssl=1\",\"width\":800,\"height\":561,\"caption\":\"PROMOPIX\"},\"image\":{\"@id\":\"https:\/\/www.promopix.fr\/#\/schema\/logo\/image\/\"}}]}<\/script>\n<!-- \/ Yoast SEO plugin. -->","yoast_head_json":{"title":"Boissons, vins, spiritueux - Promopix","robots":{"index":"index","follow":"follow","max-snippet":"max-snippet:-1","max-image-preview":"max-image-preview:large","max-video-preview":"max-video-preview:-1"},"canonical":"https:\/\/www.promopix.fr\/en\/pour-qui\/boissons-vins-spiritueux\/","og_locale":"en_US","og_type":"article","og_title":"Boissons, vins, spiritueux - Promopix","og_url":"https:\/\/www.promopix.fr\/en\/pour-qui\/boissons-vins-spiritueux\/","og_site_name":"Promopix","article_modified_time":"2019-10-04T08:29:10+00:00","twitter_card":"summary_large_image","twitter_misc":{"Est. reading time":"6 minutes"},"schema":{"@context":"https:\/\/schema.org","@graph":[{"@type":"WebPage","@id":"https:\/\/www.promopix.fr\/en\/pour-qui\/boissons-vins-spiritueux\/","url":"https:\/\/www.promopix.fr\/en\/pour-qui\/boissons-vins-spiritueux\/","name":"Boissons, vins, spiritueux - Promopix","isPartOf":{"@id":"https:\/\/www.promopix.fr\/#website"},"datePublished":"2016-04-15T15:15:58+00:00","dateModified":"2019-10-04T08:29:10+00:00","breadcrumb":{"@id":"https:\/\/www.promopix.fr\/en\/pour-qui\/boissons-vins-spiritueux\/#breadcrumb"},"inLanguage":"en-US","potentialAction":[{"@type":"ReadAction","target":["https:\/\/www.promopix.fr\/en\/pour-qui\/boissons-vins-spiritueux\/"]}]},{"@type":"BreadcrumbList","@id":"https:\/\/www.promopix.fr\/en\/pour-qui\/boissons-vins-spiritueux\/#breadcrumb","itemListElement":[{"@type":"ListItem","position":1,"name":"Accueil","item":"https:\/\/www.promopix.fr\/"},{"@type":"ListItem","position":2,"name":"Pour qui ?","item":"https:\/\/www.promopix.fr\/pour-qui\/"},{"@type":"ListItem","position":3,"name":"Boissons, vins, spiritueux"}]},{"@type":"WebSite","@id":"https:\/\/www.promopix.fr\/#website","url":"https:\/\/www.promopix.fr\/","name":"Promopix","description":"La Communication attentionn\u00e9e","publisher":{"@id":"https:\/\/www.promopix.fr\/#organization"},"potentialAction":[{"@type":"SearchAction","target":{"@type":"EntryPoint","urlTemplate":"https:\/\/www.promopix.fr\/?s={search_term_string}"},"query-input":{"@type":"PropertyValueSpecification","valueRequired":true,"valueName":"search_term_string"}}],"inLanguage":"en-US"},{"@type":"Organization","@id":"https:\/\/www.promopix.fr\/#organization","name":"PROMOPIX","url":"https:\/\/www.promopix.fr\/","logo":{"@type":"ImageObject","inLanguage":"en-US","@id":"https:\/\/www.promopix.fr\/#\/schema\/logo\/image\/","url":"https:\/\/i1.wp.com\/www.promopix.fr\/wp-content\/uploads\/2016\/08\/imgo.jpeg?fit=800%2C561&ssl=1","contentUrl":"https:\/\/i1.wp.com\/www.promopix.fr\/wp-content\/uploads\/2016\/08\/imgo.jpeg?fit=800%2C561&ssl=1","width":800,"height":561,"caption":"PROMOPIX"},"image":{"@id":"https:\/\/www.promopix.fr\/#\/schema\/logo\/image\/"}}]}},"jetpack_sharing_enabled":true,"_links":{"self":[{"href":"https:\/\/www.promopix.fr\/en\/wp-json\/wp\/v2\/pages\/11763","targetHints":{"allow":["GET"]}}],"collection":[{"href":"https:\/\/www.promopix.fr\/en\/wp-json\/wp\/v2\/pages"}],"about":[{"href":"https:\/\/www.promopix.fr\/en\/wp-json\/wp\/v2\/types\/page"}],"author":[{"embeddable":true,"href":"https:\/\/www.promopix.fr\/en\/wp-json\/wp\/v2\/users\/1"}],"replies":[{"embeddable":true,"href":"https:\/\/www.promopix.fr\/en\/wp-json\/wp\/v2\/comments?post=11763"}],"version-history":[{"count":7,"href":"https:\/\/www.promopix.fr\/en\/wp-json\/wp\/v2\/pages\/11763\/revisions"}],"predecessor-version":[{"id":12762,"href":"https:\/\/www.promopix.fr\/en\/wp-json\/wp\/v2\/pages\/11763\/revisions\/12762"}],"up":[{"embeddable":true,"href":"https:\/\/www.promopix.fr\/en\/wp-json\/wp\/v2\/pages\/11659"}],"wp:attachment":[{"href":"https:\/\/www.promopix.fr\/en\/wp-json\/wp\/v2\/media?parent=11763"}],"curies":[{"name":"wp","href":"https:\/\/api.w.org\/{rel}","templated":true}]}}