{"id":11662,"date":"2016-02-03T09:34:44","date_gmt":"2016-02-03T08:34:44","guid":{"rendered":"https:\/\/www.promopix.fr\/?page_id=11662"},"modified":"2021-10-28T17:13:51","modified_gmt":"2021-10-28T15:13:51","slug":"contact","status":"publish","type":"page","link":"https:\/\/www.promopix.fr\/en\/contact\/","title":{"rendered":"Contact"},"content":{"rendered":"<div class=\"fusion-fullwidth fullwidth-box fusion-builder-row-1 hundred-percent-fullwidth non-hundred-percent-height-scrolling\" style=\"background-color: #ffffff;background-position: center center;background-repeat: no-repeat;padding-top:0px;padding-right:0px;padding-bottom:0px;padding-left:0px;margin-bottom: 0px;margin-top: 0px;border-width: 0px 0px 0px 0px;border-color:#eae9e9;border-style:solid;\" ><div class=\"fusion-builder-row fusion-row\"><div class=\"fusion-layout-column fusion_builder_column fusion-builder-column-0 fusion_builder_column_1_2 1_2 fusion-one-half fusion-column-first fusion-column-no-min-height\" style=\"width:48%; margin-right: 4%;margin-top:0px;margin-bottom:0px;\"><div class=\"fusion-column-wrapper fusion-flex-column-wrapper-legacy\" style=\"background-position:left top;background-repeat:no-repeat;-webkit-background-size:cover;-moz-background-size:cover;-o-background-size:cover;background-size:cover;padding: 0px 0px 0px 0px;\"><div class=\"fusion-text fusion-text-1\"><p style=\"text-align: center;\"><em>Vous souhaitez plus d&rsquo;information sur la personnalisation ?<br \/>\nN&rsquo;h\u00e9sitez pas \u00e0 nous contacter, notre \u00e9quipe a toujours de bon conseil.<\/em><\/p>\n<p>Notre \u00e9quipe se tient \u00e0 votre disposition pour vous faire une maquette \u00e0 votre image\u00a0<strong>totalement gratuite !<\/strong><\/p>\n<\/div><span class=\"fusion-imageframe imageframe-dropshadow imageframe-1 hover-type-none fusion-animated\" style=\"-webkit-box-shadow: 5px 5px 9px rgba(0,0,0,0.3);box-shadow: 5px 5px 9px rgba(0,0,0,0.3);\" data-animationtype=\"bounceInDown\" data-animationduration=\"0.3\" data-animationoffset=\"top-into-view\"><img data-recalc-dims=\"1\" decoding=\"async\" width=\"300\" height=\"225\" title=\"Amalgame\" src=\"https:\/\/i0.wp.com\/www.promopix.fr\/wp-content\/uploads\/2017\/01\/Amalgame.jpg?resize=300%2C225&#038;ssl=1\" class=\"img-responsive wp-image-11917\" srcset=\"https:\/\/i0.wp.com\/www.promopix.fr\/wp-content\/uploads\/2017\/01\/Amalgame.jpg?resize=300%2C225&amp;ssl=1 300w, https:\/\/i0.wp.com\/www.promopix.fr\/wp-content\/uploads\/2017\/01\/Amalgame.jpg?resize=500%2C375&amp;ssl=1 500w, https:\/\/i0.wp.com\/www.promopix.fr\/wp-content\/uploads\/2017\/01\/Amalgame.jpg?resize=768%2C576&amp;ssl=1 768w, https:\/\/i0.wp.com\/www.promopix.fr\/wp-content\/uploads\/2017\/01\/Amalgame.jpg?resize=1024%2C768&amp;ssl=1 1024w\" sizes=\"(max-width: 800px) 100vw, 300px\" \/><\/span><div class=\"fusion-clearfix\"><\/div><\/div><\/div><div class=\"fusion-layout-column fusion_builder_column fusion-builder-column-1 fusion_builder_column_1_2 1_2 fusion-one-half fusion-column-last\" style=\"width:48%;margin-top:0px;margin-bottom:20px;\"><div class=\"fusion-column-wrapper fusion-flex-column-wrapper-legacy\" style=\"background-position:left top;background-repeat:no-repeat;-webkit-background-size:cover;-moz-background-size:cover;-o-background-size:cover;background-size:cover;padding: 0px 0px 0px 0px;\"><div class=\"fusion-text fusion-text-2\"><div role=\"form\" class=\"wpcf7\" id=\"wpcf7-f4-o1\" lang=\"fr-FR\" dir=\"ltr\">\n<div class=\"screen-reader-response\"><p role=\"status\" aria-live=\"polite\" aria-atomic=\"true\"><\/p> <ul><\/ul><\/div>\n<form action=\"\/en\/wp-json\/wp\/v2\/pages\/11662#wpcf7-f4-o1\" method=\"post\" class=\"wpcf7-form init\" enctype=\"multipart\/form-data\" novalidate=\"novalidate\" data-status=\"init\" data-trp-original-action=\"\/en\/wp-json\/wp\/v2\/pages\/11662#wpcf7-f4-o1\">\n<div style=\"display: none;\">\n<input type=\"hidden\" name=\"_wpcf7\" value=\"4\" \/>\n<input type=\"hidden\" name=\"_wpcf7_version\" value=\"5.5.6.1\" \/>\n<input type=\"hidden\" name=\"_wpcf7_locale\" value=\"fr_FR\" \/>\n<input type=\"hidden\" name=\"_wpcf7_unit_tag\" value=\"wpcf7-f4-o1\" \/>\n<input type=\"hidden\" name=\"_wpcf7_container_post\" value=\"0\" \/>\n<input type=\"hidden\" name=\"_wpcf7_posted_data_hash\" value=\"\" \/>\n<\/div>\n<p>Votre nom (obligatoire)<br \/>\n    <span class=\"wpcf7-form-control-wrap your-name\"><input type=\"text\" name=\"your-name\" value=\"\" size=\"40\" class=\"wpcf7-form-control wpcf7-text wpcf7-validates-as-required\" aria-required=\"true\" aria-invalid=\"false\" \/><\/span> <\/p>\n<p>Votre email (obligatoire)<br \/>\n    <span class=\"wpcf7-form-control-wrap your-email\"><input type=\"email\" name=\"your-email\" value=\"\" size=\"40\" class=\"wpcf7-form-control wpcf7-text wpcf7-email wpcf7-validates-as-required wpcf7-validates-as-email\" aria-required=\"true\" aria-invalid=\"false\" \/><\/span> <\/p>\n<p>T\u00e9l\u00e9phone (obligatoire)<br \/>\n<span class=\"wpcf7-form-control-wrap Tlphone\"><input type=\"tel\" name=\"Tlphone\" value=\"\" size=\"40\" class=\"wpcf7-form-control wpcf7-text wpcf7-tel wpcf7-validates-as-required wpcf7-validates-as-tel\" aria-required=\"true\" aria-invalid=\"false\" \/><\/span><\/p>\n<p>Rappelez-moi SVP<br \/>\n<span class=\"wpcf7-form-control-wrap Rappelez-moi\"><span class=\"wpcf7-form-control wpcf7-checkbox\"><span class=\"wpcf7-list-item first\"><span class=\"wpcf7-list-item-label\">10h \u00e0 12h<\/span><input type=\"checkbox\" name=\"Rappelez-moi[]\" value=\"10h \u00e0 12h\" \/><\/span><span class=\"wpcf7-list-item last\"><span class=\"wpcf7-list-item-label\">14h \u00e0 17h<\/span><input type=\"checkbox\" name=\"Rappelez-moi[]\" value=\"14h \u00e0 17h\" \/><\/span><\/span><\/span><\/p>\n<p>Adresse (obligatoire)<br \/>\n<span class=\"wpcf7-form-control-wrap Adresse\"><input type=\"text\" name=\"Adresse\" value=\"\" size=\"40\" class=\"wpcf7-form-control wpcf7-text wpcf7-validates-as-required\" aria-required=\"true\" aria-invalid=\"false\" \/><\/span><\/p>\n<p>Ville (obligatoire)<br \/>\n<span class=\"wpcf7-form-control-wrap Adresse\"><input type=\"text\" name=\"Adresse\" value=\"\" size=\"40\" class=\"wpcf7-form-control wpcf7-text wpcf7-validates-as-required\" aria-required=\"true\" aria-invalid=\"false\" \/><\/span><\/p>\n<p>Code Postal (obligatoire)<br \/>\n<span class=\"wpcf7-form-control-wrap Adresse\"><input type=\"text\" name=\"Adresse\" value=\"\" size=\"40\" class=\"wpcf7-form-control wpcf7-text wpcf7-validates-as-required\" aria-required=\"true\" aria-invalid=\"false\" \/><\/span><\/p>\n<p>Votre type de profession (obligatoire)<br \/>\n    <span class=\"wpcf7-form-control-wrap your-subject\"><input type=\"text\" name=\"your-subject\" value=\"\" size=\"40\" class=\"wpcf7-form-control wpcf7-text\" aria-invalid=\"false\" \/><\/span> <\/p>\n<p>Votre site Web<br \/>\n    <span class=\"wpcf7-form-control-wrap your-subject\"><input type=\"text\" name=\"your-subject\" value=\"\" size=\"40\" class=\"wpcf7-form-control wpcf7-text\" aria-invalid=\"false\" \/><\/span> <\/p>\n<p>Votre message<br \/>\n    <span class=\"wpcf7-form-control-wrap your-message\"><textarea name=\"your-message\" cols=\"40\" rows=\"10\" class=\"wpcf7-form-control wpcf7-textarea\" aria-invalid=\"false\"><\/textarea><\/span> <\/p>\n<p>Votre devis porte sur la quantit\u00e9 suivante<br \/>\n    <span class=\"wpcf7-form-control-wrap your-message\"><textarea name=\"your-message\" cols=\"40\" rows=\"10\" class=\"wpcf7-form-control wpcf7-textarea\" aria-invalid=\"false\"><\/textarea><\/span> <\/p>\n<p>Envoyez nous votre logo et vos textes<br \/>\n<span class=\"wpcf7-form-control-wrap file-932\"><input type=\"file\" name=\"file-932\" size=\"40\" class=\"wpcf7-form-control wpcf7-file\" accept=\".jpg,.jpeg,.png,.pdf,.ai,.psd\" aria-invalid=\"false\" \/><\/span><\/p>\n<p>Recopiez le code suivant<br \/>\n<input type=\"hidden\" name=\"_wpcf7_captcha_challenge_captcha-1\" value=\"1\" \/><img data-recalc-dims=\"1\" decoding=\"async\" class=\"wpcf7-form-control wpcf7-captchac wpcf7-captcha-captcha-1\" width=\"72\" height=\"24\" alt=\"captcha\" src=\"https:\/\/i0.wp.com\/www.promopix.fr\/wp-content\/uploads\/wpcf7_captcha\/1.png?resize=72%2C24&#038;ssl=1\" \/> <span class=\"wpcf7-form-control-wrap captcha-1\"><input type=\"text\" name=\"captcha-1\" value=\"\" size=\"40\" class=\"wpcf7-form-control wpcf7-captchar\" autocomplete=\"off\" aria-invalid=\"false\" \/><\/span><\/p>\n<p><input type=\"submit\" value=\"Envoyer\" class=\"wpcf7-form-control has-spinner wpcf7-submit\" \/><\/p>\n<p><br><\/p>\n<div class=\"fusion-alert alert custom alert-custom fusion-alert-center wpcf7-response-output alert-dismissable\" style=\"border-width:1px;\"><button type=\"button\" class=\"close toggle-alert\" data-dismiss=\"alert\" aria-label=\"Close\">&times;<\/button><div class=\"fusion-alert-content-wrapper\"><span class=\"fusion-alert-content\"><\/span><\/div><\/div><input type=\"hidden\" name=\"trp-form-language\" value=\"en\"\/><\/form><\/div>\n<\/div><div class=\"fusion-clearfix\"><\/div><\/div><\/div><\/div><style type=\"text\/css\">.fusion-fullwidth.fusion-builder-row-1 { overflow:visible; }<\/style><\/div><div class=\"fusion-fullwidth fullwidth-box fusion-builder-row-2 nonhundred-percent-fullwidth non-hundred-percent-height-scrolling\" style=\"background-color: #ffffff;background-position: center center;background-repeat: no-repeat;padding-top:0px;padding-right:0px;padding-bottom:0px;padding-left:0px;margin-bottom: 0px;margin-top: 0px;border-width: 0px 0px 0px 0px;border-color:#eae9e9;border-style:solid;\" ><\/div>","protected":false},"excerpt":{"rendered":"","protected":false},"author":1,"featured_media":0,"parent":0,"menu_order":0,"comment_status":"closed","ping_status":"closed","template":"","meta":{"_monsterinsights_skip_tracking":false,"_monsterinsights_sitenote_active":false,"_monsterinsights_sitenote_note":"","_monsterinsights_sitenote_category":0,"footnotes":""},"class_list":["post-11662","page","type-page","status-publish","hentry"],"yoast_head":"<!-- This site is optimized with the Yoast SEO plugin v24.7 - https:\/\/yoast.com\/wordpress\/plugins\/seo\/ -->\n<title>Contact - Promopix<\/title>\n<meta name=\"robots\" content=\"index, follow, max-snippet:-1, max-image-preview:large, max-video-preview:-1\" \/>\n<link rel=\"canonical\" href=\"https:\/\/www.promopix.fr\/en\/contact\/\" \/>\n<meta property=\"og:locale\" content=\"en_US\" \/>\n<meta property=\"og:type\" content=\"article\" \/>\n<meta property=\"og:title\" content=\"Contact - Promopix\" \/>\n<meta property=\"og:url\" content=\"https:\/\/www.promopix.fr\/en\/contact\/\" \/>\n<meta property=\"og:site_name\" content=\"Promopix\" \/>\n<meta property=\"article:modified_time\" content=\"2021-10-28T15:13:51+00:00\" \/>\n<meta name=\"twitter:card\" content=\"summary_large_image\" \/>\n<meta name=\"twitter:label1\" content=\"Est. reading time\" \/>\n\t<meta name=\"twitter:data1\" content=\"1 minute\" \/>\n<script type=\"application\/ld+json\" class=\"yoast-schema-graph\">{\"@context\":\"https:\/\/schema.org\",\"@graph\":[{\"@type\":\"WebPage\",\"@id\":\"https:\/\/www.promopix.fr\/contact\/\",\"url\":\"https:\/\/www.promopix.fr\/contact\/\",\"name\":\"Contact - Promopix\",\"isPartOf\":{\"@id\":\"https:\/\/www.promopix.fr\/#website\"},\"datePublished\":\"2016-02-03T08:34:44+00:00\",\"dateModified\":\"2021-10-28T15:13:51+00:00\",\"breadcrumb\":{\"@id\":\"https:\/\/www.promopix.fr\/contact\/#breadcrumb\"},\"inLanguage\":\"en-US\",\"potentialAction\":[{\"@type\":\"ReadAction\",\"target\":[\"https:\/\/www.promopix.fr\/contact\/\"]}]},{\"@type\":\"BreadcrumbList\",\"@id\":\"https:\/\/www.promopix.fr\/contact\/#breadcrumb\",\"itemListElement\":[{\"@type\":\"ListItem\",\"position\":1,\"name\":\"Accueil\",\"item\":\"https:\/\/www.promopix.fr\/\"},{\"@type\":\"ListItem\",\"position\":2,\"name\":\"Contact\"}]},{\"@type\":\"WebSite\",\"@id\":\"https:\/\/www.promopix.fr\/#website\",\"url\":\"https:\/\/www.promopix.fr\/\",\"name\":\"Promopix\",\"description\":\"La Communication attentionn\u00e9e\",\"publisher\":{\"@id\":\"https:\/\/www.promopix.fr\/#organization\"},\"potentialAction\":[{\"@type\":\"SearchAction\",\"target\":{\"@type\":\"EntryPoint\",\"urlTemplate\":\"https:\/\/www.promopix.fr\/?s={search_term_string}\"},\"query-input\":{\"@type\":\"PropertyValueSpecification\",\"valueRequired\":true,\"valueName\":\"search_term_string\"}}],\"inLanguage\":\"en-US\"},{\"@type\":\"Organization\",\"@id\":\"https:\/\/www.promopix.fr\/#organization\",\"name\":\"PROMOPIX\",\"url\":\"https:\/\/www.promopix.fr\/\",\"logo\":{\"@type\":\"ImageObject\",\"inLanguage\":\"en-US\",\"@id\":\"https:\/\/www.promopix.fr\/#\/schema\/logo\/image\/\",\"url\":\"https:\/\/i1.wp.com\/www.promopix.fr\/wp-content\/uploads\/2016\/08\/imgo.jpeg?fit=800%2C561&ssl=1\",\"contentUrl\":\"https:\/\/i1.wp.com\/www.promopix.fr\/wp-content\/uploads\/2016\/08\/imgo.jpeg?fit=800%2C561&ssl=1\",\"width\":800,\"height\":561,\"caption\":\"PROMOPIX\"},\"image\":{\"@id\":\"https:\/\/www.promopix.fr\/#\/schema\/logo\/image\/\"}}]}<\/script>\n<!-- \/ Yoast SEO plugin. -->","yoast_head_json":{"title":"Contact - Promopix","robots":{"index":"index","follow":"follow","max-snippet":"max-snippet:-1","max-image-preview":"max-image-preview:large","max-video-preview":"max-video-preview:-1"},"canonical":"https:\/\/www.promopix.fr\/en\/contact\/","og_locale":"en_US","og_type":"article","og_title":"Contact - Promopix","og_url":"https:\/\/www.promopix.fr\/en\/contact\/","og_site_name":"Promopix","article_modified_time":"2021-10-28T15:13:51+00:00","twitter_card":"summary_large_image","twitter_misc":{"Est. reading time":"1 minute"},"schema":{"@context":"https:\/\/schema.org","@graph":[{"@type":"WebPage","@id":"https:\/\/www.promopix.fr\/contact\/","url":"https:\/\/www.promopix.fr\/contact\/","name":"Contact - Promopix","isPartOf":{"@id":"https:\/\/www.promopix.fr\/#website"},"datePublished":"2016-02-03T08:34:44+00:00","dateModified":"2021-10-28T15:13:51+00:00","breadcrumb":{"@id":"https:\/\/www.promopix.fr\/contact\/#breadcrumb"},"inLanguage":"en-US","potentialAction":[{"@type":"ReadAction","target":["https:\/\/www.promopix.fr\/contact\/"]}]},{"@type":"BreadcrumbList","@id":"https:\/\/www.promopix.fr\/contact\/#breadcrumb","itemListElement":[{"@type":"ListItem","position":1,"name":"Accueil","item":"https:\/\/www.promopix.fr\/"},{"@type":"ListItem","position":2,"name":"Contact"}]},{"@type":"WebSite","@id":"https:\/\/www.promopix.fr\/#website","url":"https:\/\/www.promopix.fr\/","name":"Promopix","description":"La Communication attentionn\u00e9e","publisher":{"@id":"https:\/\/www.promopix.fr\/#organization"},"potentialAction":[{"@type":"SearchAction","target":{"@type":"EntryPoint","urlTemplate":"https:\/\/www.promopix.fr\/?s={search_term_string}"},"query-input":{"@type":"PropertyValueSpecification","valueRequired":true,"valueName":"search_term_string"}}],"inLanguage":"en-US"},{"@type":"Organization","@id":"https:\/\/www.promopix.fr\/#organization","name":"PROMOPIX","url":"https:\/\/www.promopix.fr\/","logo":{"@type":"ImageObject","inLanguage":"en-US","@id":"https:\/\/www.promopix.fr\/#\/schema\/logo\/image\/","url":"https:\/\/i1.wp.com\/www.promopix.fr\/wp-content\/uploads\/2016\/08\/imgo.jpeg?fit=800%2C561&ssl=1","contentUrl":"https:\/\/i1.wp.com\/www.promopix.fr\/wp-content\/uploads\/2016\/08\/imgo.jpeg?fit=800%2C561&ssl=1","width":800,"height":561,"caption":"PROMOPIX"},"image":{"@id":"https:\/\/www.promopix.fr\/#\/schema\/logo\/image\/"}}]}},"jetpack_sharing_enabled":true,"_links":{"self":[{"href":"https:\/\/www.promopix.fr\/en\/wp-json\/wp\/v2\/pages\/11662","targetHints":{"allow":["GET"]}}],"collection":[{"href":"https:\/\/www.promopix.fr\/en\/wp-json\/wp\/v2\/pages"}],"about":[{"href":"https:\/\/www.promopix.fr\/en\/wp-json\/wp\/v2\/types\/page"}],"author":[{"embeddable":true,"href":"https:\/\/www.promopix.fr\/en\/wp-json\/wp\/v2\/users\/1"}],"replies":[{"embeddable":true,"href":"https:\/\/www.promopix.fr\/en\/wp-json\/wp\/v2\/comments?post=11662"}],"version-history":[{"count":39,"href":"https:\/\/www.promopix.fr\/en\/wp-json\/wp\/v2\/pages\/11662\/revisions"}],"predecessor-version":[{"id":21822,"href":"https:\/\/www.promopix.fr\/en\/wp-json\/wp\/v2\/pages\/11662\/revisions\/21822"}],"wp:attachment":[{"href":"https:\/\/www.promopix.fr\/en\/wp-json\/wp\/v2\/media?parent=11662"}],"curies":[{"name":"wp","href":"https:\/\/api.w.org\/{rel}","templated":true}]}}