{"id":11656,"date":"2016-02-03T09:32:46","date_gmt":"2016-02-03T08:32:46","guid":{"rendered":"https:\/\/www.promopix.fr\/?page_id=11656"},"modified":"2020-01-31T13:33:40","modified_gmt":"2020-01-31T12:33:40","slug":"produits","status":"publish","type":"page","link":"https:\/\/www.promopix.fr\/en\/produits\/","title":{"rendered":"Produits"},"content":{"rendered":"<div class=\"fusion-fullwidth fullwidth-box fusion-builder-row-1 nonhundred-percent-fullwidth non-hundred-percent-height-scrolling\" style=\"background-color: #f6f6f6;background-position: left top;background-repeat: no-repeat;padding-top:10px;padding-right:0px;padding-bottom:20px;padding-left:0px;margin-bottom: 0px;margin-top: 0px;border-width: 1px 0px 1px 0px;border-color:#e5e4e4;border-style:solid;\" ><div class=\"fusion-builder-row fusion-row\"><div class=\"fusion-layout-column fusion_builder_column fusion-builder-column-0 fusion_builder_column_1_1 1_1 fusion-one-full fusion-column-first fusion-column-last fusion-column-no-min-height\" style=\"margin-top:0px;margin-bottom:0px;\"><div class=\"fusion-column-wrapper fusion-flex-column-wrapper-legacy\" style=\"background-position:left top;background-repeat:no-repeat;-webkit-background-size:cover;-moz-background-size:cover;-o-background-size:cover;background-size:cover;padding: 0px 0px 0px 0px;\"><div class=\"fusion-text fusion-text-1\"><p style=\"text-align: center; margin-top: -10px; font-size: 17px;\">Depuis plus de 10 ans nous valorisons\u00a0la relation avec vos clients.<\/p>\n<\/div><div class=\"fusion-section-separator section-separator triangle fusion-section-separator-1\"><div class=\"fusion-section-separator-svg\" style=\"border-top:1px solid #f6f6f6;margin-left: 0px;margin-right: 0px;\"><div class=\"divider-candy-arrow top\" style=\"bottom:0px;border-bottom-color: #f6f6f6;\"><\/div><div class=\"divider-candy top\" style=\"top:-21px;border-bottom:1px solid #f6f6f6;border-left:1px solid #f6f6f6;\"><\/div><\/div><div class=\"fusion-section-separator-spacer\"><div class=\"fusion-section-separator-spacer-height\" style=\"height:1px;\"><\/div><\/div><\/div><div class=\"fusion-text fusion-text-2\"><p style=\"text-align: center;\">Processus<\/p>\n<\/div><div class=\"fusion-content-boxes content-boxes columns row fusion-columns-3 fusion-columns-total-3 fusion-content-boxes-1 content-boxes-icon-with-title content-left\" data-animationoffset=\"top-into-view\" style=\"margin-top:0px;margin-bottom:60px;\"><style type=\"text\/css\">.fusion-content-boxes-1 .heading .content-box-heading {color:#212934;}\n\t\t\t\t\t.fusion-content-boxes-1 .fusion-content-box-hover .link-area-link-icon-hover .heading .content-box-heading,\n\t\t\t\t\t.fusion-content-boxes-1 .fusion-content-box-hover .link-area-link-icon-hover .heading .heading-link .content-box-heading,\n\t\t\t\t\t.fusion-content-boxes-1 .fusion-content-box-hover .link-area-box-hover .heading .content-box-heading,\n\t\t\t\t\t.fusion-content-boxes-1 .fusion-content-box-hover .link-area-box-hover .heading .heading-link .content-box-heading,\n\t\t\t\t\t.fusion-content-boxes-1 .fusion-content-box-hover .link-area-link-icon-hover.link-area-box .fusion-read-more,\n\t\t\t\t\t.fusion-content-boxes-1 .fusion-content-box-hover .link-area-link-icon-hover.link-area-box .fusion-read-more::after,\n\t\t\t\t\t.fusion-content-boxes-1 .fusion-content-box-hover .link-area-link-icon-hover.link-area-box .fusion-read-more::before,\n\t\t\t\t\t.fusion-content-boxes-1 .fusion-content-box-hover .fusion-read-more:hover:after,\n\t\t\t\t\t.fusion-content-boxes-1 .fusion-content-box-hover .fusion-read-more:hover:before,\n\t\t\t\t\t.fusion-content-boxes-1 .fusion-content-box-hover .fusion-read-more:hover,\n\t\t\t\t\t.fusion-content-boxes-1 .fusion-content-box-hover .link-area-box-hover.link-area-box .fusion-read-more,\n\t\t\t\t\t.fusion-content-boxes-1 .fusion-content-box-hover .link-area-box-hover.link-area-box .fusion-read-more::after,\n\t\t\t\t\t.fusion-content-boxes-1 .fusion-content-box-hover .link-area-box-hover.link-area-box .fusion-read-more::before,\n\t\t\t\t\t.fusion-content-boxes-1 .fusion-content-box-hover .link-area-link-icon-hover .icon .circle-no,\n\t\t\t\t\t.fusion-content-boxes-1 .heading .heading-link:hover .content-box-heading {\n\t\t\t\t\t\tcolor: #a0ce4e;\n\t\t\t\t\t}\n\t\t\t\t\t.fusion-content-boxes-1 .fusion-content-box-hover .link-area-box-hover .icon .circle-no {\n\t\t\t\t\t\tcolor: #a0ce4e !important;\n\t\t\t\t\t}.fusion-content-boxes-1 .fusion-content-box-hover .link-area-box.link-area-box-hover .fusion-content-box-button {background: #aad75b;color: #638e1a;background-image: -webkit-gradient( linear, left bottom, left top, from( #d1e990 ), to( #aad75b ) );background-image: linear-gradient( to top, #d1e990, #aad75b )}.fusion-content-boxes-1 .fusion-content-box-hover .link-area-box.link-area-box-hover .fusion-content-box-button .fusion-button-text {color: #638e1a;}\n\t\t\t\t\t.fusion-content-boxes-1 .fusion-content-box-hover .link-area-link-icon-hover .heading .icon > span {\n\t\t\t\t\t\tbackground-color: #a0ce4e !important;\n\t\t\t\t\t}\n\t\t\t\t\t.fusion-content-boxes-1 .fusion-content-box-hover .link-area-box-hover .heading .icon > span {\n\t\t\t\t\t\tborder-color: #a0ce4e !important;\n\t\t\t\t\t}<\/style><div class=\"fusion-column content-box-column content-box-column content-box-column-1 col-lg-4 col-md-4 col-sm-4 fusion-content-box-hover content-box-column-first-in-row\"><div class=\"col content-box-wrapper content-wrapper link-area-link-icon icon-hover-animation-fade\" style=\"background-color:transparent;\" data-animationoffset=\"top-into-view\"><div class=\"heading heading-with-icon icon-left\"><div class=\"icon\"><i style=\"border-color:#333333;border-width:1px;background-color:#333333;box-sizing:content-box;height:42px;width:42px;line-height:42px;border-radius:50%;color:#ffffff;font-size:21px;\" aria-hidden=\"true\" class=\"fontawesome-icon fa-arrow-alt-circle-right fas circle-yes fa-spin\"><\/i><\/div><h2 class=\"content-box-heading\" style=\"font-size:18px;line-height:23px;\">Choisissez votre produit<\/h2><\/div><div class=\"fusion-clearfix\"><\/div><div class=\"content-container\" style=\"color:#4a4e57;\">\n<p style=\"text-align: center;\">Trouvez le mod\u00e8le qui vous correspond, mais vous pouvez aussi les personnalis\u00e9es !<\/p>\n<\/div><\/div><\/div><div class=\"fusion-column content-box-column content-box-column content-box-column-2 col-lg-4 col-md-4 col-sm-4 fusion-content-box-hover\"><div class=\"col content-box-wrapper content-wrapper link-area-link-icon icon-hover-animation-fade\" style=\"background-color:transparent;\" data-animationoffset=\"top-into-view\"><div class=\"heading heading-with-icon icon-left\"><div class=\"icon\"><i style=\"border-color:#333333;border-width:1px;background-color:#333333;box-sizing:content-box;height:42px;width:42px;line-height:42px;border-radius:50%;color:#ffffff;font-size:21px;\" aria-hidden=\"true\" class=\"fontawesome-icon fa-arrow-alt-circle-right fas circle-yes\"><\/i><\/div><h2 class=\"content-box-heading\" style=\"font-size:18px;line-height:23px;\">Commandez <\/h2><\/div><div class=\"fusion-clearfix\"><\/div><div class=\"content-container\" style=\"color:#4a4e57;\">\n<p>Ajoutez au panier puis validez votre commande.<br \/>\nUne fois fait, un e-mail de confirmation vous sera envoy\u00e9 ainsi qu&rsquo;un document \u00e0 remplir avec les informations \u00e0 imprimer sur l&rsquo;espace qui vous est r\u00e9serv\u00e9.<\/p>\n<\/div><\/div><\/div><div class=\"fusion-column content-box-column content-box-column content-box-column-3 col-lg-4 col-md-4 col-sm-4 fusion-content-box-hover content-box-column-last content-box-column-last-in-row\"><div class=\"col content-box-wrapper content-wrapper link-area-link-icon icon-hover-animation-fade\" style=\"background-color:transparent;\" data-animationoffset=\"top-into-view\"><div class=\"heading heading-with-icon icon-left\"><div class=\"icon\"><i style=\"border-color:#333333;border-width:1px;background-color:#333333;box-sizing:content-box;height:42px;width:42px;line-height:42px;border-radius:50%;color:#ffffff;font-size:21px;\" aria-hidden=\"true\" class=\"fontawesome-icon fa-arrow-circle-right fas circle-yes\"><\/i><\/div><h2 class=\"content-box-heading\" style=\"font-size:18px;line-height:23px;\">En route<\/h2><\/div><div class=\"fusion-clearfix\"><\/div><div class=\"content-container\" style=\"color:#4a4e57;\">\n<p style=\"text-align: center;\">Nous informons de mani\u00e8re r\u00e9guli\u00e8re ou en sont vos pochettes.<\/p>\n<p style=\"text-align: center;\">Pas d&rsquo;inqui\u00e9tude vous pouvez toujours nous joindre facilement \ud83d\ude42<\/p>\n<p style=\"text-align: center;\">Voila, c&rsquo;est tout, simple non !<\/p>\n<p style=\"text-align: center;\">Merci<\/p>\n<\/div><\/div><\/div><style type=\"text\/css\">\n\t\t\t\t\t\t.fusion-content-boxes-1 .fusion-content-box-hover .heading-link:hover .icon i.circle-yes,\n\t\t\t\t\t\t.fusion-content-boxes-1 .fusion-content-box-hover .link-area-box:hover .heading-link .icon i.circle-yes,\n\t\t\t\t\t\t.fusion-content-boxes-1 .fusion-content-box-hover .link-area-link-icon-hover .heading .icon i.circle-yes,\n\t\t\t\t\t\t.fusion-content-boxes-1 .fusion-content-box-hover .link-area-box-hover .heading .icon i.circle-yes {\n\t\t\t\t\t\t\tbackground-color: #a0ce4e !important;\n\t\t\t\t\t\t\tborder-color: #a0ce4e !important;\n\t\t\t\t\t\t}<\/style><div class=\"fusion-clearfix\"><\/div><\/div><div class=\"fusion-clearfix\"><\/div><\/div><\/div><\/div><\/div><div class=\"fusion-fullwidth fullwidth-box fusion-builder-row-2 nonhundred-percent-fullwidth non-hundred-percent-height-scrolling\" style=\"background-color: #fff;background-position: left top;background-repeat: no-repeat;padding-top:50px;padding-right:0px;padding-bottom:25px;padding-left:0px;margin-bottom: 0px;margin-top: 0px;border-width: 0px 0px 0px 0px;border-color:#e5e4e4;border-style:solid;\" ><div class=\"fusion-builder-row fusion-row\"><\/div><\/div>","protected":false},"excerpt":{"rendered":"","protected":false},"author":1,"featured_media":0,"parent":0,"menu_order":0,"comment_status":"closed","ping_status":"closed","template":"","meta":{"_monsterinsights_skip_tracking":false,"_monsterinsights_sitenote_active":false,"_monsterinsights_sitenote_note":"","_monsterinsights_sitenote_category":0,"footnotes":""},"class_list":["post-11656","page","type-page","status-publish","hentry"],"yoast_head":"<!-- This site is optimized with the Yoast SEO plugin v24.7 - https:\/\/yoast.com\/wordpress\/plugins\/seo\/ -->\n<title>Produits - Promopix<\/title>\n<meta name=\"robots\" content=\"index, follow, max-snippet:-1, max-image-preview:large, max-video-preview:-1\" \/>\n<link rel=\"canonical\" href=\"https:\/\/www.promopix.fr\/en\/produits\/\" \/>\n<meta property=\"og:locale\" content=\"en_US\" \/>\n<meta property=\"og:type\" content=\"article\" \/>\n<meta property=\"og:title\" content=\"Produits - Promopix\" \/>\n<meta property=\"og:url\" content=\"https:\/\/www.promopix.fr\/en\/produits\/\" \/>\n<meta property=\"og:site_name\" content=\"Promopix\" \/>\n<meta property=\"article:modified_time\" content=\"2020-01-31T12:33:40+00:00\" \/>\n<meta name=\"twitter:card\" content=\"summary_large_image\" \/>\n<meta name=\"twitter:label1\" content=\"Est. reading time\" \/>\n\t<meta name=\"twitter:data1\" content=\"3 minutes\" \/>\n<script type=\"application\/ld+json\" class=\"yoast-schema-graph\">{\"@context\":\"https:\/\/schema.org\",\"@graph\":[{\"@type\":\"WebPage\",\"@id\":\"https:\/\/www.promopix.fr\/produits\/\",\"url\":\"https:\/\/www.promopix.fr\/produits\/\",\"name\":\"Produits - Promopix\",\"isPartOf\":{\"@id\":\"https:\/\/www.promopix.fr\/#website\"},\"datePublished\":\"2016-02-03T08:32:46+00:00\",\"dateModified\":\"2020-01-31T12:33:40+00:00\",\"breadcrumb\":{\"@id\":\"https:\/\/www.promopix.fr\/produits\/#breadcrumb\"},\"inLanguage\":\"en-US\",\"potentialAction\":[{\"@type\":\"ReadAction\",\"target\":[\"https:\/\/www.promopix.fr\/produits\/\"]}]},{\"@type\":\"BreadcrumbList\",\"@id\":\"https:\/\/www.promopix.fr\/produits\/#breadcrumb\",\"itemListElement\":[{\"@type\":\"ListItem\",\"position\":1,\"name\":\"Accueil\",\"item\":\"https:\/\/www.promopix.fr\/\"},{\"@type\":\"ListItem\",\"position\":2,\"name\":\"Produits\"}]},{\"@type\":\"WebSite\",\"@id\":\"https:\/\/www.promopix.fr\/#website\",\"url\":\"https:\/\/www.promopix.fr\/\",\"name\":\"Promopix\",\"description\":\"La Communication attentionn\u00e9e\",\"publisher\":{\"@id\":\"https:\/\/www.promopix.fr\/#organization\"},\"potentialAction\":[{\"@type\":\"SearchAction\",\"target\":{\"@type\":\"EntryPoint\",\"urlTemplate\":\"https:\/\/www.promopix.fr\/?s={search_term_string}\"},\"query-input\":{\"@type\":\"PropertyValueSpecification\",\"valueRequired\":true,\"valueName\":\"search_term_string\"}}],\"inLanguage\":\"en-US\"},{\"@type\":\"Organization\",\"@id\":\"https:\/\/www.promopix.fr\/#organization\",\"name\":\"PROMOPIX\",\"url\":\"https:\/\/www.promopix.fr\/\",\"logo\":{\"@type\":\"ImageObject\",\"inLanguage\":\"en-US\",\"@id\":\"https:\/\/www.promopix.fr\/#\/schema\/logo\/image\/\",\"url\":\"https:\/\/i1.wp.com\/www.promopix.fr\/wp-content\/uploads\/2016\/08\/imgo.jpeg?fit=800%2C561&ssl=1\",\"contentUrl\":\"https:\/\/i1.wp.com\/www.promopix.fr\/wp-content\/uploads\/2016\/08\/imgo.jpeg?fit=800%2C561&ssl=1\",\"width\":800,\"height\":561,\"caption\":\"PROMOPIX\"},\"image\":{\"@id\":\"https:\/\/www.promopix.fr\/#\/schema\/logo\/image\/\"}}]}<\/script>\n<!-- \/ Yoast SEO plugin. -->","yoast_head_json":{"title":"Produits - Promopix","robots":{"index":"index","follow":"follow","max-snippet":"max-snippet:-1","max-image-preview":"max-image-preview:large","max-video-preview":"max-video-preview:-1"},"canonical":"https:\/\/www.promopix.fr\/en\/produits\/","og_locale":"en_US","og_type":"article","og_title":"Produits - Promopix","og_url":"https:\/\/www.promopix.fr\/en\/produits\/","og_site_name":"Promopix","article_modified_time":"2020-01-31T12:33:40+00:00","twitter_card":"summary_large_image","twitter_misc":{"Est. reading time":"3 minutes"},"schema":{"@context":"https:\/\/schema.org","@graph":[{"@type":"WebPage","@id":"https:\/\/www.promopix.fr\/produits\/","url":"https:\/\/www.promopix.fr\/produits\/","name":"Produits - Promopix","isPartOf":{"@id":"https:\/\/www.promopix.fr\/#website"},"datePublished":"2016-02-03T08:32:46+00:00","dateModified":"2020-01-31T12:33:40+00:00","breadcrumb":{"@id":"https:\/\/www.promopix.fr\/produits\/#breadcrumb"},"inLanguage":"en-US","potentialAction":[{"@type":"ReadAction","target":["https:\/\/www.promopix.fr\/produits\/"]}]},{"@type":"BreadcrumbList","@id":"https:\/\/www.promopix.fr\/produits\/#breadcrumb","itemListElement":[{"@type":"ListItem","position":1,"name":"Accueil","item":"https:\/\/www.promopix.fr\/"},{"@type":"ListItem","position":2,"name":"Produits"}]},{"@type":"WebSite","@id":"https:\/\/www.promopix.fr\/#website","url":"https:\/\/www.promopix.fr\/","name":"Promopix","description":"La Communication attentionn\u00e9e","publisher":{"@id":"https:\/\/www.promopix.fr\/#organization"},"potentialAction":[{"@type":"SearchAction","target":{"@type":"EntryPoint","urlTemplate":"https:\/\/www.promopix.fr\/?s={search_term_string}"},"query-input":{"@type":"PropertyValueSpecification","valueRequired":true,"valueName":"search_term_string"}}],"inLanguage":"en-US"},{"@type":"Organization","@id":"https:\/\/www.promopix.fr\/#organization","name":"PROMOPIX","url":"https:\/\/www.promopix.fr\/","logo":{"@type":"ImageObject","inLanguage":"en-US","@id":"https:\/\/www.promopix.fr\/#\/schema\/logo\/image\/","url":"https:\/\/i1.wp.com\/www.promopix.fr\/wp-content\/uploads\/2016\/08\/imgo.jpeg?fit=800%2C561&ssl=1","contentUrl":"https:\/\/i1.wp.com\/www.promopix.fr\/wp-content\/uploads\/2016\/08\/imgo.jpeg?fit=800%2C561&ssl=1","width":800,"height":561,"caption":"PROMOPIX"},"image":{"@id":"https:\/\/www.promopix.fr\/#\/schema\/logo\/image\/"}}]}},"jetpack_sharing_enabled":true,"_links":{"self":[{"href":"https:\/\/www.promopix.fr\/en\/wp-json\/wp\/v2\/pages\/11656","targetHints":{"allow":["GET"]}}],"collection":[{"href":"https:\/\/www.promopix.fr\/en\/wp-json\/wp\/v2\/pages"}],"about":[{"href":"https:\/\/www.promopix.fr\/en\/wp-json\/wp\/v2\/types\/page"}],"author":[{"embeddable":true,"href":"https:\/\/www.promopix.fr\/en\/wp-json\/wp\/v2\/users\/1"}],"replies":[{"embeddable":true,"href":"https:\/\/www.promopix.fr\/en\/wp-json\/wp\/v2\/comments?post=11656"}],"version-history":[{"count":15,"href":"https:\/\/www.promopix.fr\/en\/wp-json\/wp\/v2\/pages\/11656\/revisions"}],"predecessor-version":[{"id":17827,"href":"https:\/\/www.promopix.fr\/en\/wp-json\/wp\/v2\/pages\/11656\/revisions\/17827"}],"wp:attachment":[{"href":"https:\/\/www.promopix.fr\/en\/wp-json\/wp\/v2\/media?parent=11656"}],"curies":[{"name":"wp","href":"https:\/\/api.w.org\/{rel}","templated":true}]}}